{"id":809,"date":"2021-09-20T12:44:14","date_gmt":"2021-09-20T12:44:14","guid":{"rendered":"https:\/\/www.sysy-glass.com\/?post_type=product&#038;p=809"},"modified":"2021-10-18T07:23:06","modified_gmt":"2021-10-18T07:23:06","slug":"coloured-border-decorative-glass-bowl-2","status":"publish","type":"product","link":"https:\/\/www.sysy-glass.com\/en\/termek\/coloured-border-decorative-glass-bowl-2\/","title":{"rendered":"Greyness decorative glass bowl"},"content":{"rendered":"<p><strong>My Description:<\/strong><\/p>\n<ul>\n<li>was made of opal glass, decorated with white, black, grey and blue glass fibres<\/li>\n<\/ul>\n<p><strong>Dimensions:<\/strong><\/p>\n<ul>\n<li>W: 29 cm<\/li>\n<li>D:&nbsp; 29 cm<\/li>\n<li>H:&nbsp; 6 cm&nbsp;<\/li>\n<li style=\"text-align: left;\">Weight:&nbsp; 890 gram<\/li>\n<\/ul>\n<p><strong>My colour scheme:<\/strong><\/p>\n<ul>\n<li>dark grey, white, black, grey and blue glass fibre<\/li>\n<\/ul>\n<p><strong>My cleaning:<\/strong><\/p>\n<p>I recommend cleaning by hand only with lukewarm detergent, soapy water and a soft cloth. Believe me, I\u2019ll thank you with my glow.<br \/>\nPlease do not put in dishwasher, microwave, oven.<\/p>\n<p><strong>My usage:<\/strong><\/p>\n<p>I am for decorative purposes only. Please do not put hot or very cold things on me, as I do not react well to large temperature differences and may break. I was made from glass for home decoration.<\/p>\n<p><strong>Also important to know:<\/strong><br \/>\nPlease note, I am a handmade product. No two pieces of mine are exactly alike, so when you order, my size, pattern, shade\/colour and texture of the glass used may vary slightly from what you see in the picture.<br \/>\nBecause each computer monitor is set up differently, actual colors may vary slightly from what you see in the picture. <span class=\"Y2IQFc\" lang=\"en\">You can order in other sizes or color combinations, please consult with my designer: <strong><a href=\"https:\/\/www.sysy-glass.com\/en\/kapcsolat\/\">Sysy<\/a><\/strong>.<\/span><\/p>\n<p><strong>With the pattern shown in the picture you can order in the following sizes:<\/strong><\/p>\n<ul>\n<li>25 cm*25 cm approx.<\/li>\n<li>30 cm*30 cm approx.<\/li>\n<li>19 cm*38 cm approx.<\/li>\n<\/ul>\n","protected":false},"excerpt":{"rendered":"<p>How was I made?<br \/>\nBased on the designed pattern, used different coloured glass fibres as decoration on a grey opal glass sheet. Then I was put into the kiln and was fused at 700-850\u00b0C. After a slow cooling \u2013 already fused, but still as a flat glass \u2013 I was placed on a special mould and reheated.&nbsp; The heat caused me to sink into the mould and take my final shape as shown in the pictures.<\/p>\n<p>I hope I will win your liking and I will be decorating YOUR home or office soon.<br \/>\nIf you would like to give me as a present, your relatives and friends would be happy for me.<\/p>\n<p>I am the Greyness Bowl, a 100% handmade decorative glass bowl.<\/p>\n<p>Made with love <span class=\"emoji\">\u2764\ufe0f<\/span><\/p>\n","protected":false},"featured_media":810,"comment_status":"open","ping_status":"closed","template":"","meta":{"ngg_post_thumbnail":0},"product_brand":[],"product_cat":[17],"product_tag":[],"class_list":{"0":"post-809","1":"product","2":"type-product","3":"status-publish","4":"has-post-thumbnail","6":"product_cat-dekoracios-uvegtal","8":"first","9":"instock","10":"taxable","11":"shipping-taxable","12":"purchasable","13":"product-type-simple","14":"customify-col","15":"product-has-gallery"},"yoast_head":"<!-- This site is optimized with the Yoast SEO plugin v27.3 - https:\/\/yoast.com\/product\/yoast-seo-wordpress\/ -->\n<title>\u00fcveg dekor\u00e1ci\u00f3s t\u00e1l<\/title>\n<meta name=\"description\" content=\"Sz\u00ednes dekor\u00e1ci\u00f3s \u00fcvegt\u00e1l aj\u00e1nd\u00e9kba is adhat\u00f3, k\u00e9zzel k\u00e9sz\u00edtett \u00fcvegd\u00edsz, lak\u00e1s dekor\u00e1ci\u00f3, op\u00e1l \u00e9s sz\u00ednes \u00fcvegsz\u00e1lakb\u00f3l k\u00e9sz\u00fclt\" \/>\n<meta name=\"robots\" content=\"index, follow, max-snippet:-1, max-image-preview:large, max-video-preview:-1\" \/>\n<link rel=\"canonical\" href=\"https:\/\/www.sysy-glass.com\/de\/termek\/coloured-border-decorative-glass-bowl-2\/\" \/>\n<meta property=\"og:locale\" content=\"en_US\" \/>\n<meta property=\"og:type\" content=\"article\" \/>\n<meta property=\"og:title\" content=\"\u00fcveg dekor\u00e1ci\u00f3s t\u00e1l\" \/>\n<meta property=\"og:description\" content=\"Sz\u00ednes dekor\u00e1ci\u00f3s \u00fcvegt\u00e1l aj\u00e1nd\u00e9kba is adhat\u00f3, k\u00e9zzel k\u00e9sz\u00edtett \u00fcvegd\u00edsz, lak\u00e1s dekor\u00e1ci\u00f3, op\u00e1l \u00e9s sz\u00ednes \u00fcvegsz\u00e1lakb\u00f3l k\u00e9sz\u00fclt\" \/>\n<meta property=\"og:url\" content=\"https:\/\/www.sysy-glass.com\/de\/termek\/coloured-border-decorative-glass-bowl-2\/\" \/>\n<meta property=\"og:site_name\" content=\"Sysy-Glass\" \/>\n<meta property=\"article:modified_time\" content=\"2021-10-18T07:23:06+00:00\" \/>\n<meta property=\"og:image\" content=\"https:\/\/www.sysy-glass.com\/wp-content\/uploads\/2021\/09\/01-768x627.png\" \/>\n\t<meta property=\"og:image:width\" content=\"768\" \/>\n\t<meta property=\"og:image:height\" content=\"627\" \/>\n\t<meta property=\"og:image:type\" content=\"image\/png\" \/>\n<meta name=\"twitter:card\" content=\"summary_large_image\" \/>\n<meta name=\"twitter:label1\" content=\"Est. reading time\" \/>\n\t<meta name=\"twitter:data1\" content=\"1 minute\" \/>\n<script type=\"application\/ld+json\" class=\"yoast-schema-graph\">{\"@context\":\"https:\\\/\\\/schema.org\",\"@graph\":[{\"@type\":\"WebPage\",\"@id\":\"https:\\\/\\\/www.sysy-glass.com\\\/de\\\/termek\\\/coloured-border-decorative-glass-bowl-2\\\/\",\"url\":\"https:\\\/\\\/www.sysy-glass.com\\\/de\\\/termek\\\/coloured-border-decorative-glass-bowl-2\\\/\",\"name\":\"\u00fcveg dekor\u00e1ci\u00f3s t\u00e1l\",\"isPartOf\":{\"@id\":\"https:\\\/\\\/www.sysy-glass.com\\\/de\\\/#website\"},\"primaryImageOfPage\":{\"@id\":\"https:\\\/\\\/www.sysy-glass.com\\\/de\\\/termek\\\/coloured-border-decorative-glass-bowl-2\\\/#primaryimage\"},\"image\":{\"@id\":\"https:\\\/\\\/www.sysy-glass.com\\\/de\\\/termek\\\/coloured-border-decorative-glass-bowl-2\\\/#primaryimage\"},\"thumbnailUrl\":\"https:\\\/\\\/www.sysy-glass.com\\\/wp-content\\\/uploads\\\/2021\\\/09\\\/01.png\",\"datePublished\":\"2021-09-20T12:44:14+00:00\",\"dateModified\":\"2021-10-18T07:23:06+00:00\",\"description\":\"Sz\u00ednes dekor\u00e1ci\u00f3s \u00fcvegt\u00e1l aj\u00e1nd\u00e9kba is adhat\u00f3, k\u00e9zzel k\u00e9sz\u00edtett \u00fcvegd\u00edsz, lak\u00e1s dekor\u00e1ci\u00f3, op\u00e1l \u00e9s sz\u00ednes \u00fcvegsz\u00e1lakb\u00f3l k\u00e9sz\u00fclt\",\"breadcrumb\":{\"@id\":\"https:\\\/\\\/www.sysy-glass.com\\\/de\\\/termek\\\/coloured-border-decorative-glass-bowl-2\\\/#breadcrumb\"},\"inLanguage\":\"en-US\",\"potentialAction\":[{\"@type\":\"ReadAction\",\"target\":[\"https:\\\/\\\/www.sysy-glass.com\\\/de\\\/termek\\\/coloured-border-decorative-glass-bowl-2\\\/\"]}]},{\"@type\":\"ImageObject\",\"inLanguage\":\"en-US\",\"@id\":\"https:\\\/\\\/www.sysy-glass.com\\\/de\\\/termek\\\/coloured-border-decorative-glass-bowl-2\\\/#primaryimage\",\"url\":\"https:\\\/\\\/www.sysy-glass.com\\\/wp-content\\\/uploads\\\/2021\\\/09\\\/01.png\",\"contentUrl\":\"https:\\\/\\\/www.sysy-glass.com\\\/wp-content\\\/uploads\\\/2021\\\/09\\\/01.png\",\"width\":2750,\"height\":2245},{\"@type\":\"BreadcrumbList\",\"@id\":\"https:\\\/\\\/www.sysy-glass.com\\\/de\\\/termek\\\/coloured-border-decorative-glass-bowl-2\\\/#breadcrumb\",\"itemListElement\":[{\"@type\":\"ListItem\",\"position\":1,\"name\":\"Kezd\u0151lap\",\"item\":\"https:\\\/\\\/www.sysy-glass.com\\\/de\\\/\"},{\"@type\":\"ListItem\",\"position\":2,\"name\":\"Term\u00e9kek\",\"item\":\"https:\\\/\\\/www.sysy-glass.com\\\/de\\\/\"},{\"@type\":\"ListItem\",\"position\":3,\"name\":\"Sz\u00fcrkes\u00e9g dekor\u00e1ci\u00f3s \u00fcvegt\u00e1l\"}]},{\"@type\":\"WebSite\",\"@id\":\"https:\\\/\\\/www.sysy-glass.com\\\/de\\\/#website\",\"url\":\"https:\\\/\\\/www.sysy-glass.com\\\/de\\\/\",\"name\":\"Sysy-Glass\",\"description\":\"Handmade decorative glasswork for you or as a gift ...\",\"publisher\":{\"@id\":\"https:\\\/\\\/www.sysy-glass.com\\\/de\\\/#organization\"},\"potentialAction\":[{\"@type\":\"SearchAction\",\"target\":{\"@type\":\"EntryPoint\",\"urlTemplate\":\"https:\\\/\\\/www.sysy-glass.com\\\/de\\\/?s={search_term_string}\"},\"query-input\":{\"@type\":\"PropertyValueSpecification\",\"valueRequired\":true,\"valueName\":\"search_term_string\"}}],\"inLanguage\":\"en-US\"},{\"@type\":\"Organization\",\"@id\":\"https:\\\/\\\/www.sysy-glass.com\\\/de\\\/#organization\",\"name\":\"Sysy-Glass\",\"url\":\"https:\\\/\\\/www.sysy-glass.com\\\/de\\\/\",\"logo\":{\"@type\":\"ImageObject\",\"inLanguage\":\"en-US\",\"@id\":\"https:\\\/\\\/www.sysy-glass.com\\\/de\\\/#\\\/schema\\\/logo\\\/image\\\/\",\"url\":\"https:\\\/\\\/www.sysy-glass.com\\\/wp-content\\\/uploads\\\/2021\\\/07\\\/cropped-SysyGlass-Logo-newest.jpg\",\"contentUrl\":\"https:\\\/\\\/www.sysy-glass.com\\\/wp-content\\\/uploads\\\/2021\\\/07\\\/cropped-SysyGlass-Logo-newest.jpg\",\"width\":862,\"height\":862,\"caption\":\"Sysy-Glass\"},\"image\":{\"@id\":\"https:\\\/\\\/www.sysy-glass.com\\\/de\\\/#\\\/schema\\\/logo\\\/image\\\/\"}}]}<\/script>\n<!-- \/ Yoast SEO plugin. -->","yoast_head_json":{"title":"\u00fcveg dekor\u00e1ci\u00f3s t\u00e1l","description":"Sz\u00ednes dekor\u00e1ci\u00f3s \u00fcvegt\u00e1l aj\u00e1nd\u00e9kba is adhat\u00f3, k\u00e9zzel k\u00e9sz\u00edtett \u00fcvegd\u00edsz, lak\u00e1s dekor\u00e1ci\u00f3, op\u00e1l \u00e9s sz\u00ednes \u00fcvegsz\u00e1lakb\u00f3l k\u00e9sz\u00fclt","robots":{"index":"index","follow":"follow","max-snippet":"max-snippet:-1","max-image-preview":"max-image-preview:large","max-video-preview":"max-video-preview:-1"},"canonical":"https:\/\/www.sysy-glass.com\/de\/termek\/coloured-border-decorative-glass-bowl-2\/","og_locale":"en_US","og_type":"article","og_title":"\u00fcveg dekor\u00e1ci\u00f3s t\u00e1l","og_description":"Sz\u00ednes dekor\u00e1ci\u00f3s \u00fcvegt\u00e1l aj\u00e1nd\u00e9kba is adhat\u00f3, k\u00e9zzel k\u00e9sz\u00edtett \u00fcvegd\u00edsz, lak\u00e1s dekor\u00e1ci\u00f3, op\u00e1l \u00e9s sz\u00ednes \u00fcvegsz\u00e1lakb\u00f3l k\u00e9sz\u00fclt","og_url":"https:\/\/www.sysy-glass.com\/de\/termek\/coloured-border-decorative-glass-bowl-2\/","og_site_name":"Sysy-Glass","article_modified_time":"2021-10-18T07:23:06+00:00","og_image":[{"width":768,"height":627,"url":"https:\/\/www.sysy-glass.com\/wp-content\/uploads\/2021\/09\/01-768x627.png","type":"image\/png"}],"twitter_card":"summary_large_image","twitter_misc":{"Est. reading time":"1 minute"},"schema":{"@context":"https:\/\/schema.org","@graph":[{"@type":"WebPage","@id":"https:\/\/www.sysy-glass.com\/de\/termek\/coloured-border-decorative-glass-bowl-2\/","url":"https:\/\/www.sysy-glass.com\/de\/termek\/coloured-border-decorative-glass-bowl-2\/","name":"\u00fcveg dekor\u00e1ci\u00f3s t\u00e1l","isPartOf":{"@id":"https:\/\/www.sysy-glass.com\/de\/#website"},"primaryImageOfPage":{"@id":"https:\/\/www.sysy-glass.com\/de\/termek\/coloured-border-decorative-glass-bowl-2\/#primaryimage"},"image":{"@id":"https:\/\/www.sysy-glass.com\/de\/termek\/coloured-border-decorative-glass-bowl-2\/#primaryimage"},"thumbnailUrl":"https:\/\/www.sysy-glass.com\/wp-content\/uploads\/2021\/09\/01.png","datePublished":"2021-09-20T12:44:14+00:00","dateModified":"2021-10-18T07:23:06+00:00","description":"Sz\u00ednes dekor\u00e1ci\u00f3s \u00fcvegt\u00e1l aj\u00e1nd\u00e9kba is adhat\u00f3, k\u00e9zzel k\u00e9sz\u00edtett \u00fcvegd\u00edsz, lak\u00e1s dekor\u00e1ci\u00f3, op\u00e1l \u00e9s sz\u00ednes \u00fcvegsz\u00e1lakb\u00f3l k\u00e9sz\u00fclt","breadcrumb":{"@id":"https:\/\/www.sysy-glass.com\/de\/termek\/coloured-border-decorative-glass-bowl-2\/#breadcrumb"},"inLanguage":"en-US","potentialAction":[{"@type":"ReadAction","target":["https:\/\/www.sysy-glass.com\/de\/termek\/coloured-border-decorative-glass-bowl-2\/"]}]},{"@type":"ImageObject","inLanguage":"en-US","@id":"https:\/\/www.sysy-glass.com\/de\/termek\/coloured-border-decorative-glass-bowl-2\/#primaryimage","url":"https:\/\/www.sysy-glass.com\/wp-content\/uploads\/2021\/09\/01.png","contentUrl":"https:\/\/www.sysy-glass.com\/wp-content\/uploads\/2021\/09\/01.png","width":2750,"height":2245},{"@type":"BreadcrumbList","@id":"https:\/\/www.sysy-glass.com\/de\/termek\/coloured-border-decorative-glass-bowl-2\/#breadcrumb","itemListElement":[{"@type":"ListItem","position":1,"name":"Kezd\u0151lap","item":"https:\/\/www.sysy-glass.com\/de\/"},{"@type":"ListItem","position":2,"name":"Term\u00e9kek","item":"https:\/\/www.sysy-glass.com\/de\/"},{"@type":"ListItem","position":3,"name":"Sz\u00fcrkes\u00e9g dekor\u00e1ci\u00f3s \u00fcvegt\u00e1l"}]},{"@type":"WebSite","@id":"https:\/\/www.sysy-glass.com\/de\/#website","url":"https:\/\/www.sysy-glass.com\/de\/","name":"Sysy-Glass","description":"Handmade decorative glasswork for you or as a gift ...","publisher":{"@id":"https:\/\/www.sysy-glass.com\/de\/#organization"},"potentialAction":[{"@type":"SearchAction","target":{"@type":"EntryPoint","urlTemplate":"https:\/\/www.sysy-glass.com\/de\/?s={search_term_string}"},"query-input":{"@type":"PropertyValueSpecification","valueRequired":true,"valueName":"search_term_string"}}],"inLanguage":"en-US"},{"@type":"Organization","@id":"https:\/\/www.sysy-glass.com\/de\/#organization","name":"Sysy-Glass","url":"https:\/\/www.sysy-glass.com\/de\/","logo":{"@type":"ImageObject","inLanguage":"en-US","@id":"https:\/\/www.sysy-glass.com\/de\/#\/schema\/logo\/image\/","url":"https:\/\/www.sysy-glass.com\/wp-content\/uploads\/2021\/07\/cropped-SysyGlass-Logo-newest.jpg","contentUrl":"https:\/\/www.sysy-glass.com\/wp-content\/uploads\/2021\/07\/cropped-SysyGlass-Logo-newest.jpg","width":862,"height":862,"caption":"Sysy-Glass"},"image":{"@id":"https:\/\/www.sysy-glass.com\/de\/#\/schema\/logo\/image\/"}}]}},"_links":{"self":[{"href":"https:\/\/www.sysy-glass.com\/en\/wp-json\/wp\/v2\/product\/809","targetHints":{"allow":["GET"]}}],"collection":[{"href":"https:\/\/www.sysy-glass.com\/en\/wp-json\/wp\/v2\/product"}],"about":[{"href":"https:\/\/www.sysy-glass.com\/en\/wp-json\/wp\/v2\/types\/product"}],"replies":[{"embeddable":true,"href":"https:\/\/www.sysy-glass.com\/en\/wp-json\/wp\/v2\/comments?post=809"}],"wp:featuredmedia":[{"embeddable":true,"href":"https:\/\/www.sysy-glass.com\/en\/wp-json\/wp\/v2\/media\/810"}],"wp:attachment":[{"href":"https:\/\/www.sysy-glass.com\/en\/wp-json\/wp\/v2\/media?parent=809"}],"wp:term":[{"taxonomy":"product_brand","embeddable":true,"href":"https:\/\/www.sysy-glass.com\/en\/wp-json\/wp\/v2\/product_brand?post=809"},{"taxonomy":"product_cat","embeddable":true,"href":"https:\/\/www.sysy-glass.com\/en\/wp-json\/wp\/v2\/product_cat?post=809"},{"taxonomy":"product_tag","embeddable":true,"href":"https:\/\/www.sysy-glass.com\/en\/wp-json\/wp\/v2\/product_tag?post=809"}],"curies":[{"name":"wp","href":"https:\/\/api.w.org\/{rel}","templated":true}]}}