{"id":410,"date":"2021-05-06T16:37:52","date_gmt":"2021-05-06T16:37:52","guid":{"rendered":"https:\/\/www.sysy-glass.com\/?post_type=product&#038;p=410"},"modified":"2021-11-02T11:51:05","modified_gmt":"2021-11-02T11:51:05","slug":"colours-of-the-sea-decorative-glass-bowl","status":"publish","type":"product","link":"https:\/\/www.sysy-glass.com\/en\/termek\/colours-of-the-sea-decorative-glass-bowl\/","title":{"rendered":"Colours of the sea decorative glass bowl"},"content":{"rendered":"<p><strong>My Description:<\/strong><\/p>\n<ul>\n<li>was made of pieces of opal glass, &nbsp;two layers<\/li>\n<\/ul>\n<p><strong>Dimensions:<\/strong><\/p>\n<ul>\n<li>W: 25 cm<\/li>\n<li>D:&nbsp; 25 cm<\/li>\n<li>H:&nbsp; 4 cm&nbsp;<\/li>\n<li style=\"text-align: left;\">Weight:&nbsp; 955 gram<\/li>\n<\/ul>\n<p><strong>My colour scheme:<\/strong><\/p>\n<ul>\n<li>grey, t\u00fcrkiz, turquoise, alpine blue, medium blue, mariner blue<\/li>\n<\/ul>\n<p><strong>My cleaning:<\/strong><\/p>\n<p>I recommend cleaning by hand only with lukewarm detergent, soapy water and a soft cloth. Believe me, I\u2019ll thank you with my glow.<br \/>\nPlease do not put in dishwasher, microwave, oven.<\/p>\n<p><strong>My usage:<\/strong><\/p>\n<p>I am for decorative purposes only. Please do not put hot or very cold things on me, as I do not react well to large temperature differences and may break. I was made from glass for home decoration.<\/p>\n<p><strong>Also important to know:<\/strong><br \/>\nPlease note, I am a handmade product. No two pieces of mine are exactly alike, so when you order, my size, pattern, shade\/colour and texture of the glass used may vary slightly from what you see in the picture.<br \/>\nBecause each computer monitor is set up differently, actual colors may vary slightly from what you see in the picture. <span class=\"Y2IQFc\" lang=\"en\">You can order in other sizes or color combinations, please consult with my designer: <strong><a href=\"https:\/\/www.sysy-glass.com\/en\/kapcsolat\/\">Sysy<\/a><\/strong><\/span><\/p>\n<p><strong>With the pattern shown in the picture you can order in the following sizes:<\/strong><\/p>\n<ul>\n<li>25 cm*25 cm approx.<\/li>\n<li>30 cm*30 cm approx.<\/li>\n<\/ul>\n<p>&nbsp;<\/p>\n","protected":false},"excerpt":{"rendered":"<p>How was I made?<br \/>\nBased on the designed pattern, I was assembled with pieces of opalescent grey, turquoise, alpine blue, medium blue and mariner blue. I was assembled on an opalescent dark grey glass sheet, then I was put into the kiln and was fused at 700-850\u00b0C. After a slow cooling \u2013 already fused, but still as a flat glass \u2013 I was placed on a special mould and reheated. The heat caused me to sink into the mould and take my final shape as shown in the pictures.<\/p>\n<p>I hope I will win your liking and I will be decorating YOUR home or office soon.<br \/>\nIf you would like to give me as a present, your relatives and friends would be happy for me.<\/p>\n<p>I am the Colours of the sea&nbsp;bowl, a 100% handmade decorative glass bowl.<\/p>\n<p>Made with love&nbsp;<span class=\"emoji\">\u2764\ufe0f<\/span><\/p>\n","protected":false},"featured_media":411,"comment_status":"open","ping_status":"closed","template":"","meta":{"ngg_post_thumbnail":0},"product_brand":[],"product_cat":[17],"product_tag":[],"class_list":{"0":"post-410","1":"product","2":"type-product","3":"status-publish","4":"has-post-thumbnail","6":"product_cat-dekoracios-uvegtal","8":"first","9":"instock","10":"taxable","11":"shipping-taxable","12":"purchasable","13":"product-type-simple","14":"customify-col","15":"product-has-gallery"},"yoast_head":"<!-- This site is optimized with the Yoast SEO plugin v27.3 - https:\/\/yoast.com\/product\/yoast-seo-wordpress\/ -->\n<title>Colours of the sea decorative glass bowl - Sysy-Glass<\/title>\n<meta name=\"robots\" content=\"index, follow, max-snippet:-1, max-image-preview:large, max-video-preview:-1\" \/>\n<link rel=\"canonical\" href=\"https:\/\/www.sysy-glass.com\/de\/termek\/colours-of-the-sea-decorative-glass-bowl\/\" \/>\n<meta property=\"og:locale\" content=\"en_US\" \/>\n<meta property=\"og:type\" content=\"article\" \/>\n<meta property=\"og:title\" content=\"Colours of the sea decorative glass bowl\" \/>\n<meta property=\"og:description\" content=\"How was I made? Based on the designed pattern, I was assembled with pieces of opalescent grey, turquoise, alpine blue, medium blue and mariner blue. I was assembled on an opalescent dark grey glass sheet, then I was put into the kiln and was fused at 700-850\u00b0C. After a slow cooling \u2013 already fused, but still as a flat glass \u2013 I was placed on a special mould and reheated. The heat caused me to sink into the mould and take my final shape as shown in the pictures.  I hope I will win your liking and I will be decorating YOUR home or office soon. If you would like to give me as a present, your relatives and friends would be happy for me.  I am the Colours of the sea&nbsp;bowl, a 100% handmade decorative glass bowl.  Made with love&nbsp;\u2764\ufe0f\" \/>\n<meta property=\"og:url\" content=\"https:\/\/www.sysy-glass.com\/de\/termek\/colours-of-the-sea-decorative-glass-bowl\/\" \/>\n<meta property=\"og:site_name\" content=\"Sysy-Glass\" \/>\n<meta property=\"article:modified_time\" content=\"2021-11-02T11:51:05+00:00\" \/>\n<meta property=\"og:image\" content=\"https:\/\/www.sysy-glass.com\/wp-content\/uploads\/2021\/05\/3_uj.jpg\" \/>\n\t<meta property=\"og:image:width\" content=\"2466\" \/>\n\t<meta property=\"og:image:height\" content=\"2214\" \/>\n\t<meta property=\"og:image:type\" content=\"image\/jpeg\" \/>\n<meta name=\"twitter:card\" content=\"summary_large_image\" \/>\n<meta name=\"twitter:label1\" content=\"Est. reading time\" \/>\n\t<meta name=\"twitter:data1\" content=\"1 minute\" \/>\n<script type=\"application\/ld+json\" class=\"yoast-schema-graph\">{\"@context\":\"https:\\\/\\\/schema.org\",\"@graph\":[{\"@type\":\"WebPage\",\"@id\":\"https:\\\/\\\/www.sysy-glass.com\\\/de\\\/termek\\\/colours-of-the-sea-decorative-glass-bowl\\\/\",\"url\":\"https:\\\/\\\/www.sysy-glass.com\\\/de\\\/termek\\\/colours-of-the-sea-decorative-glass-bowl\\\/\",\"name\":\"[:hu]Tenger dekor\u00e1ci\u00f3s \u00fcvegt\u00e1l[:en]Colours of the sea decorative glass bowl[:] - Sysy-Glass\",\"isPartOf\":{\"@id\":\"https:\\\/\\\/www.sysy-glass.com\\\/de\\\/#website\"},\"primaryImageOfPage\":{\"@id\":\"https:\\\/\\\/www.sysy-glass.com\\\/de\\\/termek\\\/colours-of-the-sea-decorative-glass-bowl\\\/#primaryimage\"},\"image\":{\"@id\":\"https:\\\/\\\/www.sysy-glass.com\\\/de\\\/termek\\\/colours-of-the-sea-decorative-glass-bowl\\\/#primaryimage\"},\"thumbnailUrl\":\"https:\\\/\\\/www.sysy-glass.com\\\/wp-content\\\/uploads\\\/2021\\\/05\\\/3_uj.jpg\",\"datePublished\":\"2021-05-06T16:37:52+00:00\",\"dateModified\":\"2021-11-02T11:51:05+00:00\",\"breadcrumb\":{\"@id\":\"https:\\\/\\\/www.sysy-glass.com\\\/de\\\/termek\\\/colours-of-the-sea-decorative-glass-bowl\\\/#breadcrumb\"},\"inLanguage\":\"en-US\",\"potentialAction\":[{\"@type\":\"ReadAction\",\"target\":[\"https:\\\/\\\/www.sysy-glass.com\\\/de\\\/termek\\\/colours-of-the-sea-decorative-glass-bowl\\\/\"]}]},{\"@type\":\"ImageObject\",\"inLanguage\":\"en-US\",\"@id\":\"https:\\\/\\\/www.sysy-glass.com\\\/de\\\/termek\\\/colours-of-the-sea-decorative-glass-bowl\\\/#primaryimage\",\"url\":\"https:\\\/\\\/www.sysy-glass.com\\\/wp-content\\\/uploads\\\/2021\\\/05\\\/3_uj.jpg\",\"contentUrl\":\"https:\\\/\\\/www.sysy-glass.com\\\/wp-content\\\/uploads\\\/2021\\\/05\\\/3_uj.jpg\",\"width\":2466,\"height\":2214},{\"@type\":\"BreadcrumbList\",\"@id\":\"https:\\\/\\\/www.sysy-glass.com\\\/de\\\/termek\\\/colours-of-the-sea-decorative-glass-bowl\\\/#breadcrumb\",\"itemListElement\":[{\"@type\":\"ListItem\",\"position\":1,\"name\":\"Kezd\u0151lap\",\"item\":\"https:\\\/\\\/www.sysy-glass.com\\\/de\\\/\"},{\"@type\":\"ListItem\",\"position\":2,\"name\":\"Term\u00e9kek\",\"item\":\"https:\\\/\\\/www.sysy-glass.com\\\/de\\\/\"},{\"@type\":\"ListItem\",\"position\":3,\"name\":\"Tenger dekor\u00e1ci\u00f3s \u00fcvegt\u00e1l\"}]},{\"@type\":\"WebSite\",\"@id\":\"https:\\\/\\\/www.sysy-glass.com\\\/de\\\/#website\",\"url\":\"https:\\\/\\\/www.sysy-glass.com\\\/de\\\/\",\"name\":\"Sysy-Glass\",\"description\":\"Handmade decorative glasswork for you or as a gift ...\",\"publisher\":{\"@id\":\"https:\\\/\\\/www.sysy-glass.com\\\/de\\\/#organization\"},\"potentialAction\":[{\"@type\":\"SearchAction\",\"target\":{\"@type\":\"EntryPoint\",\"urlTemplate\":\"https:\\\/\\\/www.sysy-glass.com\\\/de\\\/?s={search_term_string}\"},\"query-input\":{\"@type\":\"PropertyValueSpecification\",\"valueRequired\":true,\"valueName\":\"search_term_string\"}}],\"inLanguage\":\"en-US\"},{\"@type\":\"Organization\",\"@id\":\"https:\\\/\\\/www.sysy-glass.com\\\/de\\\/#organization\",\"name\":\"Sysy-Glass\",\"url\":\"https:\\\/\\\/www.sysy-glass.com\\\/de\\\/\",\"logo\":{\"@type\":\"ImageObject\",\"inLanguage\":\"en-US\",\"@id\":\"https:\\\/\\\/www.sysy-glass.com\\\/de\\\/#\\\/schema\\\/logo\\\/image\\\/\",\"url\":\"https:\\\/\\\/www.sysy-glass.com\\\/wp-content\\\/uploads\\\/2021\\\/07\\\/cropped-SysyGlass-Logo-newest.jpg\",\"contentUrl\":\"https:\\\/\\\/www.sysy-glass.com\\\/wp-content\\\/uploads\\\/2021\\\/07\\\/cropped-SysyGlass-Logo-newest.jpg\",\"width\":862,\"height\":862,\"caption\":\"Sysy-Glass\"},\"image\":{\"@id\":\"https:\\\/\\\/www.sysy-glass.com\\\/de\\\/#\\\/schema\\\/logo\\\/image\\\/\"}}]}<\/script>\n<!-- \/ Yoast SEO plugin. -->","yoast_head_json":{"title":"Colours of the sea decorative glass bowl - Sysy-Glass","robots":{"index":"index","follow":"follow","max-snippet":"max-snippet:-1","max-image-preview":"max-image-preview:large","max-video-preview":"max-video-preview:-1"},"canonical":"https:\/\/www.sysy-glass.com\/de\/termek\/colours-of-the-sea-decorative-glass-bowl\/","og_locale":"en_US","og_type":"article","og_title":"[:hu]Tenger dekor\u00e1ci\u00f3s \u00fcvegt\u00e1l[:en]Colours of the sea decorative glass bowl[:] - Sysy-Glass","og_description":"[:hu]Hogyan k\u00e9sz\u00fcltem? Tervezett minta alapj\u00e1n lettek darabjaim kiv\u00e1gva sz\u00fcrke, t\u00fcrkiz, alpine k\u00e9k, k\u00f6z\u00e9p k\u00e9k, mariner k\u00e9k op\u00e1l \u00fcvegekb\u0151l. Egy sz\u00fcrke \u00fcveglapon ker\u00fcltem \u00f6ssze\u00e1ll\u00edt\u00e1sra, majd \u00f3vatosan betettek az elektromos olvaszt\u00f3kemenc\u00e9be, ahol 700-800\u00b0C fokon \u00f6sszeolvadtam. Lass\u00fa leh\u0171l\u00e9s ut\u00e1n m\u00e1r \u00f6sszeolvadtan, de m\u00e9g s\u00edk \u00fcvegk\u00e9nt egy speci\u00e1lis form\u00e1ra lettem t\u00e9ve \u00e9s \u00fajb\u00f3l fel lettem hev\u00edtve. A h\u0151 hat\u00e1s\u00e1ra belerogytam a form\u00e1ba \u00e9s felvettem a k\u00e9peken l\u00e1that\u00f3 v\u00e9gleges alakomat. B\u00edzom benne, hogy elnyerem a tetsz\u00e9sedet, \u00e9s hamarosan m\u00e1r a TE lak\u00e1sodat, irod\u00e1dat d\u00edsz\u00edthetem. Ha esetleg aj\u00e1nd\u00e9kba sz\u00e1nn\u00e1l, rokonaid, ismer\u0151seid is biztosan \u00f6r\u00fcln\u00e9nek nekem.  A Tenger t\u00e1l vagyok, 100%-ban k\u00e9zzel k\u00e9sz\u00edtett dekorat\u00edv \u00fcvegt\u00e1l.  Szeretettel k\u00e9sz\u00fcltem&nbsp; \u2764\ufe0f[:en]How was I made? Based on the designed pattern, I was assembled with pieces of opalescent grey, turquoise, alpine blue, medium blue and mariner blue. I was assembled on an opalescent dark grey glass sheet, then I was put into the kiln and was fused at 700-850\u00b0C. After a slow cooling \u2013 already fused, but still as a flat glass \u2013 I was placed on a special mould and reheated. The heat caused me to sink into the mould and take my final shape as shown in the pictures.  I hope I will win your liking and I will be decorating YOUR home or office soon. If you would like to give me as a present, your relatives and friends would be happy for me.  I am the Colours of the sea&nbsp;bowl, a 100% handmade decorative glass bowl.  Made with love&nbsp;\u2764\ufe0f[:]","og_url":"https:\/\/www.sysy-glass.com\/de\/termek\/colours-of-the-sea-decorative-glass-bowl\/","og_site_name":"Sysy-Glass","article_modified_time":"2021-11-02T11:51:05+00:00","og_image":[{"width":2466,"height":2214,"url":"https:\/\/www.sysy-glass.com\/wp-content\/uploads\/2021\/05\/3_uj.jpg","type":"image\/jpeg"}],"twitter_card":"summary_large_image","twitter_misc":{"Est. reading time":"1 minute"},"schema":{"@context":"https:\/\/schema.org","@graph":[{"@type":"WebPage","@id":"https:\/\/www.sysy-glass.com\/de\/termek\/colours-of-the-sea-decorative-glass-bowl\/","url":"https:\/\/www.sysy-glass.com\/de\/termek\/colours-of-the-sea-decorative-glass-bowl\/","name":"[:hu]Tenger dekor\u00e1ci\u00f3s \u00fcvegt\u00e1l[:en]Colours of the sea decorative glass bowl[:] - Sysy-Glass","isPartOf":{"@id":"https:\/\/www.sysy-glass.com\/de\/#website"},"primaryImageOfPage":{"@id":"https:\/\/www.sysy-glass.com\/de\/termek\/colours-of-the-sea-decorative-glass-bowl\/#primaryimage"},"image":{"@id":"https:\/\/www.sysy-glass.com\/de\/termek\/colours-of-the-sea-decorative-glass-bowl\/#primaryimage"},"thumbnailUrl":"https:\/\/www.sysy-glass.com\/wp-content\/uploads\/2021\/05\/3_uj.jpg","datePublished":"2021-05-06T16:37:52+00:00","dateModified":"2021-11-02T11:51:05+00:00","breadcrumb":{"@id":"https:\/\/www.sysy-glass.com\/de\/termek\/colours-of-the-sea-decorative-glass-bowl\/#breadcrumb"},"inLanguage":"en-US","potentialAction":[{"@type":"ReadAction","target":["https:\/\/www.sysy-glass.com\/de\/termek\/colours-of-the-sea-decorative-glass-bowl\/"]}]},{"@type":"ImageObject","inLanguage":"en-US","@id":"https:\/\/www.sysy-glass.com\/de\/termek\/colours-of-the-sea-decorative-glass-bowl\/#primaryimage","url":"https:\/\/www.sysy-glass.com\/wp-content\/uploads\/2021\/05\/3_uj.jpg","contentUrl":"https:\/\/www.sysy-glass.com\/wp-content\/uploads\/2021\/05\/3_uj.jpg","width":2466,"height":2214},{"@type":"BreadcrumbList","@id":"https:\/\/www.sysy-glass.com\/de\/termek\/colours-of-the-sea-decorative-glass-bowl\/#breadcrumb","itemListElement":[{"@type":"ListItem","position":1,"name":"Kezd\u0151lap","item":"https:\/\/www.sysy-glass.com\/de\/"},{"@type":"ListItem","position":2,"name":"Term\u00e9kek","item":"https:\/\/www.sysy-glass.com\/de\/"},{"@type":"ListItem","position":3,"name":"Tenger dekor\u00e1ci\u00f3s \u00fcvegt\u00e1l"}]},{"@type":"WebSite","@id":"https:\/\/www.sysy-glass.com\/de\/#website","url":"https:\/\/www.sysy-glass.com\/de\/","name":"Sysy-Glass","description":"Handmade decorative glasswork for you or as a gift ...","publisher":{"@id":"https:\/\/www.sysy-glass.com\/de\/#organization"},"potentialAction":[{"@type":"SearchAction","target":{"@type":"EntryPoint","urlTemplate":"https:\/\/www.sysy-glass.com\/de\/?s={search_term_string}"},"query-input":{"@type":"PropertyValueSpecification","valueRequired":true,"valueName":"search_term_string"}}],"inLanguage":"en-US"},{"@type":"Organization","@id":"https:\/\/www.sysy-glass.com\/de\/#organization","name":"Sysy-Glass","url":"https:\/\/www.sysy-glass.com\/de\/","logo":{"@type":"ImageObject","inLanguage":"en-US","@id":"https:\/\/www.sysy-glass.com\/de\/#\/schema\/logo\/image\/","url":"https:\/\/www.sysy-glass.com\/wp-content\/uploads\/2021\/07\/cropped-SysyGlass-Logo-newest.jpg","contentUrl":"https:\/\/www.sysy-glass.com\/wp-content\/uploads\/2021\/07\/cropped-SysyGlass-Logo-newest.jpg","width":862,"height":862,"caption":"Sysy-Glass"},"image":{"@id":"https:\/\/www.sysy-glass.com\/de\/#\/schema\/logo\/image\/"}}]}},"_links":{"self":[{"href":"https:\/\/www.sysy-glass.com\/en\/wp-json\/wp\/v2\/product\/410","targetHints":{"allow":["GET"]}}],"collection":[{"href":"https:\/\/www.sysy-glass.com\/en\/wp-json\/wp\/v2\/product"}],"about":[{"href":"https:\/\/www.sysy-glass.com\/en\/wp-json\/wp\/v2\/types\/product"}],"replies":[{"embeddable":true,"href":"https:\/\/www.sysy-glass.com\/en\/wp-json\/wp\/v2\/comments?post=410"}],"wp:featuredmedia":[{"embeddable":true,"href":"https:\/\/www.sysy-glass.com\/en\/wp-json\/wp\/v2\/media\/411"}],"wp:attachment":[{"href":"https:\/\/www.sysy-glass.com\/en\/wp-json\/wp\/v2\/media?parent=410"}],"wp:term":[{"taxonomy":"product_brand","embeddable":true,"href":"https:\/\/www.sysy-glass.com\/en\/wp-json\/wp\/v2\/product_brand?post=410"},{"taxonomy":"product_cat","embeddable":true,"href":"https:\/\/www.sysy-glass.com\/en\/wp-json\/wp\/v2\/product_cat?post=410"},{"taxonomy":"product_tag","embeddable":true,"href":"https:\/\/www.sysy-glass.com\/en\/wp-json\/wp\/v2\/product_tag?post=410"}],"curies":[{"name":"wp","href":"https:\/\/api.w.org\/{rel}","templated":true}]}}