{"id":54,"date":"2021-04-01T13:19:45","date_gmt":"2021-04-01T13:19:45","guid":{"rendered":"https:\/\/www.sysy-glass.com\/?page_id=54"},"modified":"2021-10-15T15:02:13","modified_gmt":"2021-10-15T15:02:13","slug":"bemutatkozas","status":"publish","type":"page","link":"https:\/\/www.sysy-glass.com\/en\/bemutatkozas\/","title":{"rendered":"Introduction"},"content":{"rendered":"\n<div class=\"wp-block-image\"><figure class=\"alignleft size-large\"><img loading=\"lazy\" decoding=\"async\" width=\"257\" height=\"385\" src=\"https:\/\/www.sysy-glass.com\/wp-content\/uploads\/2021\/05\/image-1.png\" alt=\"\" class=\"wp-image-506\"\/><\/figure><\/div>\n\n\n\n<p><br>My name is Szilvia F\u00fcl\u00f6pn\u00e9 Magyar. I live in Buda\u00f6rs, in Hungary. I am a glass artist.<\/p>\n\n\n\n<p>In our family there are glass- and picture-framing masters. Years ago I got the idea that I would also like to work with glass, but in a slightly different way. Under the brand Sysy-Glass I have managed to realise my ideas.<br><br><\/p>\n\n\n\n<p>My studies and my internshipsk:<br>&#8211; glass painting<br>&#8211; Tiffany technique<br>&#8211; stained glass<br>&#8211; glass blowing<br>&#8211; flame working (working with borosilicate glass)<br>&#8211; glass casting<br><strong>&#8211; fusing<\/strong><\/p>\n\n\n\n<p>Of all the techniques I learned, glass fusing I felt closest to me. I use this technique to make my glassware.<\/p>\n\n\n\n<p>The technique is to fuse 2-3 or more sheets of glass, or different shapes of glass, the glass powder, glass fibre, broken glass pieces, by placing them on top of each other at a temperature of around 700-850\u00b0C. This is then fired again to a special mould, which gives it its final form. <\/p>\n\n\n\n<figure class=\"wp-block-image size-large\"><img loading=\"lazy\" decoding=\"async\" width=\"390\" height=\"218\" src=\"https:\/\/www.sysy-glass.com\/wp-content\/uploads\/2021\/05\/image.png\" alt=\"\" class=\"wp-image-505\"\/><\/figure>\n\n\n\n<p><\/p>\n\n\n\n<p>I melt my glassware in my own electric glass kiln. During the glass melting process small air bubbles can appear which, when trapped inside the glass, cause interesting light refractions. These add to the beauty of handmade glass products.<br>I work exclusively with high quality imported glass (COE 96 Spectrum, COE 104 Moretti).<br>I design the pattern and colors of the bowls, and I cut, grind and clean all the glass pieces myself. This is a time-consuming and labor-intensive process, as there can be up to 100 pieces in a sample. I may also need a lot of small glass frit or glass powder, which I also produce myself in my workshop.<br>I try to make bowls in different styles, showing the versatility of glass fusing. <br>These are  handcrafted products, so no two objects are exactly alike. Even with the same pattern there can be differences.<br><br>I am confident that you will like the glass products I have made.<br>If you have any questions about any of these products or would like to have a custom glass bowl made, please feel free to <a href=\"https:\/\/www.sysy-glass.com\/en\/kapcsolat\/\">contact<\/a> me.<br><br><\/p>\n\n\n\n<p class=\"has-text-align-right\">F\u00fcl\u00f6pn\u00e9 Magyar Szilvia &#8211; SYSY-GLASS<br>Custom made handcrafted glass decorations for your home<\/p>\n\n\n\n<p><br><\/p>\n","protected":false},"excerpt":{"rendered":"<p>My name is Szilvia F\u00fcl\u00f6pn\u00e9 Magyar. I live in Buda\u00f6rs, in Hungary. I am a glass artist. In our family there are glass- and picture-framing&hellip;<\/p>\n","protected":false},"author":1,"featured_media":0,"parent":0,"menu_order":0,"comment_status":"closed","ping_status":"closed","template":"","meta":{"ngg_post_thumbnail":0,"footnotes":""},"class_list":["post-54","page","type-page","status-publish","hentry"],"yoast_head":"<!-- This site is optimized with the Yoast SEO plugin v27.4 - https:\/\/yoast.com\/product\/yoast-seo-wordpress\/ -->\n<title>Bemutatkoz\u00e1s<\/title>\n<meta name=\"description\" content=\"\u00fcvegolvaszt\u00e1s fusing \u00fcvegm\u0171ves rogyaszt\u00e1s \u00fcvegt\u00e1rgy k\u00e9zzel k\u00e9sz\u00edtett \u00fcvegt\u00e1l \u00fcvegrogyaszt\u00e1s \u00fcvegpor \u00fcveges k\u00e9pkeretez\u0151\" \/>\n<meta name=\"robots\" content=\"index, follow, max-snippet:-1, max-image-preview:large, max-video-preview:-1\" \/>\n<link rel=\"canonical\" href=\"https:\/\/www.sysy-glass.com\/bemutatkozas\/\" \/>\n<meta property=\"og:locale\" content=\"en_US\" \/>\n<meta property=\"og:type\" content=\"article\" \/>\n<meta property=\"og:title\" content=\"Bemutatkoz\u00e1s\" \/>\n<meta property=\"og:description\" content=\"\u00fcvegolvaszt\u00e1s fusing \u00fcvegm\u0171ves rogyaszt\u00e1s \u00fcvegt\u00e1rgy k\u00e9zzel k\u00e9sz\u00edtett \u00fcvegt\u00e1l \u00fcvegrogyaszt\u00e1s \u00fcvegpor \u00fcveges k\u00e9pkeretez\u0151\" \/>\n<meta property=\"og:url\" content=\"https:\/\/www.sysy-glass.com\/bemutatkozas\/\" \/>\n<meta property=\"og:site_name\" content=\"Sysy-Glass\" \/>\n<meta property=\"article:modified_time\" content=\"2021-10-15T15:02:13+00:00\" \/>\n<meta property=\"og:image\" content=\"https:\/\/www.sysy-glass.com\/wp-content\/uploads\/2021\/05\/image-1.png\" \/>\n<meta name=\"twitter:card\" content=\"summary_large_image\" \/>\n<meta name=\"twitter:label1\" content=\"Est. reading time\" \/>\n\t<meta name=\"twitter:data1\" content=\"2 minutes\" \/>\n<script type=\"application\/ld+json\" class=\"yoast-schema-graph\">{\"@context\":\"https:\\\/\\\/schema.org\",\"@graph\":[{\"@type\":\"WebPage\",\"@id\":\"https:\\\/\\\/www.sysy-glass.com\\\/bemutatkozas\\\/\",\"url\":\"https:\\\/\\\/www.sysy-glass.com\\\/bemutatkozas\\\/\",\"name\":\"Bemutatkoz\u00e1s\",\"isPartOf\":{\"@id\":\"https:\\\/\\\/www.sysy-glass.com\\\/de\\\/#website\"},\"primaryImageOfPage\":{\"@id\":\"https:\\\/\\\/www.sysy-glass.com\\\/bemutatkozas\\\/#primaryimage\"},\"image\":{\"@id\":\"https:\\\/\\\/www.sysy-glass.com\\\/bemutatkozas\\\/#primaryimage\"},\"thumbnailUrl\":\"https:\\\/\\\/www.sysy-glass.com\\\/wp-content\\\/uploads\\\/2021\\\/05\\\/image-1.png\",\"datePublished\":\"2021-04-01T13:19:45+00:00\",\"dateModified\":\"2021-10-15T15:02:13+00:00\",\"description\":\"\u00fcvegolvaszt\u00e1s fusing \u00fcvegm\u0171ves rogyaszt\u00e1s \u00fcvegt\u00e1rgy k\u00e9zzel k\u00e9sz\u00edtett \u00fcvegt\u00e1l \u00fcvegrogyaszt\u00e1s \u00fcvegpor \u00fcveges k\u00e9pkeretez\u0151\",\"breadcrumb\":{\"@id\":\"https:\\\/\\\/www.sysy-glass.com\\\/bemutatkozas\\\/#breadcrumb\"},\"inLanguage\":\"en-US\",\"potentialAction\":[{\"@type\":\"ReadAction\",\"target\":[\"https:\\\/\\\/www.sysy-glass.com\\\/bemutatkozas\\\/\"]}]},{\"@type\":\"ImageObject\",\"inLanguage\":\"en-US\",\"@id\":\"https:\\\/\\\/www.sysy-glass.com\\\/bemutatkozas\\\/#primaryimage\",\"url\":\"https:\\\/\\\/www.sysy-glass.com\\\/wp-content\\\/uploads\\\/2021\\\/05\\\/image-1.png\",\"contentUrl\":\"https:\\\/\\\/www.sysy-glass.com\\\/wp-content\\\/uploads\\\/2021\\\/05\\\/image-1.png\"},{\"@type\":\"BreadcrumbList\",\"@id\":\"https:\\\/\\\/www.sysy-glass.com\\\/bemutatkozas\\\/#breadcrumb\",\"itemListElement\":[{\"@type\":\"ListItem\",\"position\":1,\"name\":\"Kezd\u0151lap\",\"item\":\"https:\\\/\\\/www.sysy-glass.com\\\/de\\\/\"},{\"@type\":\"ListItem\",\"position\":2,\"name\":\"Bemutatkoz\u00e1s\"}]},{\"@type\":\"WebSite\",\"@id\":\"https:\\\/\\\/www.sysy-glass.com\\\/de\\\/#website\",\"url\":\"https:\\\/\\\/www.sysy-glass.com\\\/de\\\/\",\"name\":\"Sysy-Glass\",\"description\":\"Handmade decorative glasswork for you or as a gift ...\",\"publisher\":{\"@id\":\"https:\\\/\\\/www.sysy-glass.com\\\/de\\\/#organization\"},\"potentialAction\":[{\"@type\":\"SearchAction\",\"target\":{\"@type\":\"EntryPoint\",\"urlTemplate\":\"https:\\\/\\\/www.sysy-glass.com\\\/de\\\/?s={search_term_string}\"},\"query-input\":{\"@type\":\"PropertyValueSpecification\",\"valueRequired\":true,\"valueName\":\"search_term_string\"}}],\"inLanguage\":\"en-US\"},{\"@type\":\"Organization\",\"@id\":\"https:\\\/\\\/www.sysy-glass.com\\\/de\\\/#organization\",\"name\":\"Sysy-Glass\",\"url\":\"https:\\\/\\\/www.sysy-glass.com\\\/de\\\/\",\"logo\":{\"@type\":\"ImageObject\",\"inLanguage\":\"en-US\",\"@id\":\"https:\\\/\\\/www.sysy-glass.com\\\/de\\\/#\\\/schema\\\/logo\\\/image\\\/\",\"url\":\"https:\\\/\\\/www.sysy-glass.com\\\/wp-content\\\/uploads\\\/2021\\\/07\\\/cropped-SysyGlass-Logo-newest.jpg\",\"contentUrl\":\"https:\\\/\\\/www.sysy-glass.com\\\/wp-content\\\/uploads\\\/2021\\\/07\\\/cropped-SysyGlass-Logo-newest.jpg\",\"width\":862,\"height\":862,\"caption\":\"Sysy-Glass\"},\"image\":{\"@id\":\"https:\\\/\\\/www.sysy-glass.com\\\/de\\\/#\\\/schema\\\/logo\\\/image\\\/\"}}]}<\/script>\n<!-- \/ Yoast SEO plugin. -->","yoast_head_json":{"title":"Bemutatkoz\u00e1s","description":"\u00fcvegolvaszt\u00e1s fusing \u00fcvegm\u0171ves rogyaszt\u00e1s \u00fcvegt\u00e1rgy k\u00e9zzel k\u00e9sz\u00edtett \u00fcvegt\u00e1l \u00fcvegrogyaszt\u00e1s \u00fcvegpor \u00fcveges k\u00e9pkeretez\u0151","robots":{"index":"index","follow":"follow","max-snippet":"max-snippet:-1","max-image-preview":"max-image-preview:large","max-video-preview":"max-video-preview:-1"},"canonical":"https:\/\/www.sysy-glass.com\/bemutatkozas\/","og_locale":"en_US","og_type":"article","og_title":"Bemutatkoz\u00e1s","og_description":"\u00fcvegolvaszt\u00e1s fusing \u00fcvegm\u0171ves rogyaszt\u00e1s \u00fcvegt\u00e1rgy k\u00e9zzel k\u00e9sz\u00edtett \u00fcvegt\u00e1l \u00fcvegrogyaszt\u00e1s \u00fcvegpor \u00fcveges k\u00e9pkeretez\u0151","og_url":"https:\/\/www.sysy-glass.com\/bemutatkozas\/","og_site_name":"Sysy-Glass","article_modified_time":"2021-10-15T15:02:13+00:00","og_image":[{"url":"https:\/\/www.sysy-glass.com\/wp-content\/uploads\/2021\/05\/image-1.png","type":"","width":"","height":""}],"twitter_card":"summary_large_image","twitter_misc":{"Est. reading time":"2 minutes"},"schema":{"@context":"https:\/\/schema.org","@graph":[{"@type":"WebPage","@id":"https:\/\/www.sysy-glass.com\/bemutatkozas\/","url":"https:\/\/www.sysy-glass.com\/bemutatkozas\/","name":"Bemutatkoz\u00e1s","isPartOf":{"@id":"https:\/\/www.sysy-glass.com\/de\/#website"},"primaryImageOfPage":{"@id":"https:\/\/www.sysy-glass.com\/bemutatkozas\/#primaryimage"},"image":{"@id":"https:\/\/www.sysy-glass.com\/bemutatkozas\/#primaryimage"},"thumbnailUrl":"https:\/\/www.sysy-glass.com\/wp-content\/uploads\/2021\/05\/image-1.png","datePublished":"2021-04-01T13:19:45+00:00","dateModified":"2021-10-15T15:02:13+00:00","description":"\u00fcvegolvaszt\u00e1s fusing \u00fcvegm\u0171ves rogyaszt\u00e1s \u00fcvegt\u00e1rgy k\u00e9zzel k\u00e9sz\u00edtett \u00fcvegt\u00e1l \u00fcvegrogyaszt\u00e1s \u00fcvegpor \u00fcveges k\u00e9pkeretez\u0151","breadcrumb":{"@id":"https:\/\/www.sysy-glass.com\/bemutatkozas\/#breadcrumb"},"inLanguage":"en-US","potentialAction":[{"@type":"ReadAction","target":["https:\/\/www.sysy-glass.com\/bemutatkozas\/"]}]},{"@type":"ImageObject","inLanguage":"en-US","@id":"https:\/\/www.sysy-glass.com\/bemutatkozas\/#primaryimage","url":"https:\/\/www.sysy-glass.com\/wp-content\/uploads\/2021\/05\/image-1.png","contentUrl":"https:\/\/www.sysy-glass.com\/wp-content\/uploads\/2021\/05\/image-1.png"},{"@type":"BreadcrumbList","@id":"https:\/\/www.sysy-glass.com\/bemutatkozas\/#breadcrumb","itemListElement":[{"@type":"ListItem","position":1,"name":"Kezd\u0151lap","item":"https:\/\/www.sysy-glass.com\/de\/"},{"@type":"ListItem","position":2,"name":"Bemutatkoz\u00e1s"}]},{"@type":"WebSite","@id":"https:\/\/www.sysy-glass.com\/de\/#website","url":"https:\/\/www.sysy-glass.com\/de\/","name":"Sysy-Glass","description":"Handmade decorative glasswork for you or as a gift ...","publisher":{"@id":"https:\/\/www.sysy-glass.com\/de\/#organization"},"potentialAction":[{"@type":"SearchAction","target":{"@type":"EntryPoint","urlTemplate":"https:\/\/www.sysy-glass.com\/de\/?s={search_term_string}"},"query-input":{"@type":"PropertyValueSpecification","valueRequired":true,"valueName":"search_term_string"}}],"inLanguage":"en-US"},{"@type":"Organization","@id":"https:\/\/www.sysy-glass.com\/de\/#organization","name":"Sysy-Glass","url":"https:\/\/www.sysy-glass.com\/de\/","logo":{"@type":"ImageObject","inLanguage":"en-US","@id":"https:\/\/www.sysy-glass.com\/de\/#\/schema\/logo\/image\/","url":"https:\/\/www.sysy-glass.com\/wp-content\/uploads\/2021\/07\/cropped-SysyGlass-Logo-newest.jpg","contentUrl":"https:\/\/www.sysy-glass.com\/wp-content\/uploads\/2021\/07\/cropped-SysyGlass-Logo-newest.jpg","width":862,"height":862,"caption":"Sysy-Glass"},"image":{"@id":"https:\/\/www.sysy-glass.com\/de\/#\/schema\/logo\/image\/"}}]}},"_links":{"self":[{"href":"https:\/\/www.sysy-glass.com\/en\/wp-json\/wp\/v2\/pages\/54","targetHints":{"allow":["GET"]}}],"collection":[{"href":"https:\/\/www.sysy-glass.com\/en\/wp-json\/wp\/v2\/pages"}],"about":[{"href":"https:\/\/www.sysy-glass.com\/en\/wp-json\/wp\/v2\/types\/page"}],"author":[{"embeddable":true,"href":"https:\/\/www.sysy-glass.com\/en\/wp-json\/wp\/v2\/users\/1"}],"replies":[{"embeddable":true,"href":"https:\/\/www.sysy-glass.com\/en\/wp-json\/wp\/v2\/comments?post=54"}],"version-history":[{"count":30,"href":"https:\/\/www.sysy-glass.com\/en\/wp-json\/wp\/v2\/pages\/54\/revisions"}],"predecessor-version":[{"id":871,"href":"https:\/\/www.sysy-glass.com\/en\/wp-json\/wp\/v2\/pages\/54\/revisions\/871"}],"wp:attachment":[{"href":"https:\/\/www.sysy-glass.com\/en\/wp-json\/wp\/v2\/media?parent=54"}],"curies":[{"name":"wp","href":"https:\/\/api.w.org\/{rel}","templated":true}]}}