{"id":410,"date":"2021-05-06T16:37:52","date_gmt":"2021-05-06T16:37:52","guid":{"rendered":"https:\/\/www.sysy-glass.com\/?post_type=product&#038;p=410"},"modified":"2021-11-02T11:51:05","modified_gmt":"2021-11-02T11:51:05","slug":"colours-of-the-sea-decorative-glass-bowl","status":"publish","type":"product","link":"https:\/\/www.sysy-glass.com\/de\/termek\/colours-of-the-sea-decorative-glass-bowl\/","title":{"rendered":"Tenger dekor\u00e1ci\u00f3s \u00fcvegt\u00e1l"},"content":{"rendered":"<p><strong>F\u0151bb jellemz\u0151im:<\/strong><\/p>\n<ul>\n<li>op\u00e1l \u00fcvegekb\u0151l k\u00e9sz\u00fcltem, k\u00e9t r\u00e9tegben<\/li>\n<\/ul>\n<p><strong>M\u00e9reteim:<\/strong><\/p>\n<ul>\n<li>Sz: 25 cm<\/li>\n<li>H:&nbsp; 25 cm<\/li>\n<li>M:&nbsp; 4 cm (sarkokn\u00e1l)<\/li>\n<li style=\"text-align: left;\">S\u00faly:&nbsp; 955 gramm<\/li>\n<\/ul>\n<p><strong>Sz\u00ednvil\u00e1gom:<\/strong><\/p>\n<ul>\n<li>sz\u00fcrke, t\u00fcrkiz, alpine k\u00e9k, k\u00f6z\u00e9p k\u00e9k, mariner k\u00e9k<\/li>\n<\/ul>\n<p><strong>Tiszt\u00edt\u00e1som:<\/strong><\/p>\n<p>Javaslom, hogy kiz\u00e1r\u00f3lag k\u00e9zzel t\u00f6rt\u00e9njen a tiszt\u00edt\u00e1som langyos mos\u00f3szeres, szappanos v\u00edzzel \u00e9s puha ruh\u00e1val. Hidd el, ragyog\u00e1sommal megh\u00e1l\u00e1lom.<br \/>\nK\u00e9rlek ne tegy\u00e9l mosogat\u00f3g\u00e9pbe, mikrohull\u00e1m\u00fa s\u00fct\u0151be, s\u00fct\u0151be.<\/p>\n<p><strong>Felhaszn\u00e1l\u00e1som:<\/strong><\/p>\n<p>Csak dekor\u00e1ci\u00f3s c\u00e9lokra szolg\u00e1lok. K\u00e9rlek ne tegy\u00e9l r\u00e1m forr\u00f3&nbsp; vagy nagyon hideg dolgokat, mert nem reag\u00e1lok j\u00f3l a nagy h\u0151m\u00e9rs\u00e9klet k\u00fcl\u00f6nbs\u00e9gekre \u00e9s elt\u00f6rhetek.<\/p>\n<p><strong>Fontos m\u00e9g tudnod:<\/strong><br \/>\nK\u00e9rlek vedd figyelembe, k\u00e9zzel k\u00e9sz\u00edtett term\u00e9k vagyok. Nincs k\u00e9t teljesen egyforma darab bel\u0151lem, \u00edgy el\u0151fordulhat, hogy ha megrendelsz, akkor a&nbsp; m\u00e9retem, mint\u00e1zatom, a felhaszn\u00e1lt \u00fcvegek \u00e1rnyalata\/sz\u00edne \u00e9s text\u00far\u00e1ja enyhe elt\u00e9r\u00e9st mutathat a k\u00e9pen l\u00e1tottakt\u00f3l.<br \/>\nMivel az egyes sz\u00e1m\u00edt\u00f3g\u00e9p-monitorok elt\u00e9r\u0151en vannak be\u00e1ll\u00edtva, \u00edgy a t\u00e9nyleges sz\u00ednek kiss\u00e9 elt\u00e9rhetnek a k\u00e9pen l\u00e1that\u00f3akt\u00f3l.<\/p>\n<p><strong>A k\u00e9pen l\u00e1that\u00f3 mint\u00e1zattal&nbsp; az al\u00e1bbi m\u00e9retekben tudsz megrendelni:<\/strong><\/p>\n<ul>\n<li>25 cm*25 cm kb<\/li>\n<li>30 cm*30 cm kb<\/li>\n<\/ul>\n<p>&nbsp;<\/p>\n","protected":false},"excerpt":{"rendered":"<p>Hogyan k\u00e9sz\u00fcltem?<br \/>\nTervezett minta alapj\u00e1n lettek darabjaim kiv\u00e1gva sz\u00fcrke, t\u00fcrkiz, alpine k\u00e9k, k\u00f6z\u00e9p k\u00e9k, mariner k\u00e9k op\u00e1l \u00fcvegekb\u0151l. Egy sz\u00fcrke \u00fcveglapon ker\u00fcltem \u00f6ssze\u00e1ll\u00edt\u00e1sra, majd \u00f3vatosan betettek az elektromos olvaszt\u00f3kemenc\u00e9be, ahol 700-800\u00b0C fokon \u00f6sszeolvadtam. Lass\u00fa leh\u0171l\u00e9s ut\u00e1n m\u00e1r \u00f6sszeolvadtan, de m\u00e9g s\u00edk \u00fcvegk\u00e9nt egy speci\u00e1lis form\u00e1ra lettem t\u00e9ve \u00e9s \u00fajb\u00f3l fel lettem hev\u00edtve. A h\u0151 hat\u00e1s\u00e1ra belerogytam a form\u00e1ba \u00e9s felvettem a k\u00e9peken l\u00e1that\u00f3 v\u00e9gleges alakomat.<br \/>\nB\u00edzom benne, hogy elnyerem a tetsz\u00e9sedet, \u00e9s hamarosan m\u00e1r a TE lak\u00e1sodat, irod\u00e1dat d\u00edsz\u00edthetem.<br \/>\nHa esetleg aj\u00e1nd\u00e9kba sz\u00e1nn\u00e1l, rokonaid, ismer\u0151seid is biztosan \u00f6r\u00fcln\u00e9nek nekem.<\/p>\n<p>A Tenger t\u00e1l vagyok, 100%-ban k\u00e9zzel k\u00e9sz\u00edtett dekorat\u00edv \u00fcvegt\u00e1l.<\/p>\n<p>Szeretettel k\u00e9sz\u00fcltem&nbsp; <span class=\"emoji\">\u2764\ufe0f<\/span><\/p>\n","protected":false},"featured_media":411,"comment_status":"open","ping_status":"closed","template":"","meta":{"ngg_post_thumbnail":0},"product_brand":[],"product_cat":[17],"product_tag":[],"class_list":{"0":"post-410","1":"product","2":"type-product","3":"status-publish","4":"has-post-thumbnail","6":"product_cat-dekoracios-uvegtal","8":"first","9":"instock","10":"taxable","11":"shipping-taxable","12":"purchasable","13":"product-type-simple","14":"customify-col","15":"product-has-gallery"},"yoast_head":"<!-- This site is optimized with the Yoast SEO plugin v27.3 - https:\/\/yoast.com\/product\/yoast-seo-wordpress\/ -->\n<title>Tenger dekor\u00e1ci\u00f3s \u00fcvegt\u00e1l - Sysy-Glass<\/title>\n<meta name=\"robots\" content=\"index, follow, max-snippet:-1, max-image-preview:large, max-video-preview:-1\" \/>\n<link rel=\"canonical\" href=\"https:\/\/www.sysy-glass.com\/de\/termek\/colours-of-the-sea-decorative-glass-bowl\/\" \/>\n<meta property=\"og:locale\" content=\"de_DE\" \/>\n<meta property=\"og:type\" content=\"article\" \/>\n<meta property=\"og:title\" content=\"Tenger dekor\u00e1ci\u00f3s \u00fcvegt\u00e1l\" \/>\n<meta property=\"og:description\" content=\"Hogyan k\u00e9sz\u00fcltem? Tervezett minta alapj\u00e1n lettek darabjaim kiv\u00e1gva sz\u00fcrke, t\u00fcrkiz, alpine k\u00e9k, k\u00f6z\u00e9p k\u00e9k, mariner k\u00e9k op\u00e1l \u00fcvegekb\u0151l. Egy sz\u00fcrke \u00fcveglapon ker\u00fcltem \u00f6ssze\u00e1ll\u00edt\u00e1sra, majd \u00f3vatosan betettek az elektromos olvaszt\u00f3kemenc\u00e9be, ahol 700-800\u00b0C fokon \u00f6sszeolvadtam. Lass\u00fa leh\u0171l\u00e9s ut\u00e1n m\u00e1r \u00f6sszeolvadtan, de m\u00e9g s\u00edk \u00fcvegk\u00e9nt egy speci\u00e1lis form\u00e1ra lettem t\u00e9ve \u00e9s \u00fajb\u00f3l fel lettem hev\u00edtve. A h\u0151 hat\u00e1s\u00e1ra belerogytam a form\u00e1ba \u00e9s felvettem a k\u00e9peken l\u00e1that\u00f3 v\u00e9gleges alakomat. B\u00edzom benne, hogy elnyerem a tetsz\u00e9sedet, \u00e9s hamarosan m\u00e1r a TE lak\u00e1sodat, irod\u00e1dat d\u00edsz\u00edthetem. Ha esetleg aj\u00e1nd\u00e9kba sz\u00e1nn\u00e1l, rokonaid, ismer\u0151seid is biztosan \u00f6r\u00fcln\u00e9nek nekem.  A Tenger t\u00e1l vagyok, 100%-ban k\u00e9zzel k\u00e9sz\u00edtett dekorat\u00edv \u00fcvegt\u00e1l.  Szeretettel k\u00e9sz\u00fcltem&nbsp; \u2764\ufe0f\" \/>\n<meta property=\"og:url\" content=\"https:\/\/www.sysy-glass.com\/de\/termek\/colours-of-the-sea-decorative-glass-bowl\/\" \/>\n<meta property=\"og:site_name\" content=\"Sysy-Glass\" \/>\n<meta property=\"article:modified_time\" content=\"2021-11-02T11:51:05+00:00\" \/>\n<meta property=\"og:image\" content=\"https:\/\/www.sysy-glass.com\/wp-content\/uploads\/2021\/05\/3_uj.jpg\" \/>\n\t<meta property=\"og:image:width\" content=\"2466\" \/>\n\t<meta property=\"og:image:height\" content=\"2214\" \/>\n\t<meta property=\"og:image:type\" content=\"image\/jpeg\" \/>\n<meta name=\"twitter:card\" content=\"summary_large_image\" \/>\n<meta name=\"twitter:label1\" content=\"Gesch\u00e4tzte Lesezeit\" \/>\n\t<meta name=\"twitter:data1\" content=\"1\u00a0Minute\" \/>\n<script type=\"application\/ld+json\" class=\"yoast-schema-graph\">{\"@context\":\"https:\\\/\\\/schema.org\",\"@graph\":[{\"@type\":\"WebPage\",\"@id\":\"https:\\\/\\\/www.sysy-glass.com\\\/de\\\/termek\\\/colours-of-the-sea-decorative-glass-bowl\\\/\",\"url\":\"https:\\\/\\\/www.sysy-glass.com\\\/de\\\/termek\\\/colours-of-the-sea-decorative-glass-bowl\\\/\",\"name\":\"[:hu]Tenger dekor\u00e1ci\u00f3s \u00fcvegt\u00e1l[:en]Colours of the sea decorative glass bowl[:] - Sysy-Glass\",\"isPartOf\":{\"@id\":\"https:\\\/\\\/www.sysy-glass.com\\\/de\\\/#website\"},\"primaryImageOfPage\":{\"@id\":\"https:\\\/\\\/www.sysy-glass.com\\\/de\\\/termek\\\/colours-of-the-sea-decorative-glass-bowl\\\/#primaryimage\"},\"image\":{\"@id\":\"https:\\\/\\\/www.sysy-glass.com\\\/de\\\/termek\\\/colours-of-the-sea-decorative-glass-bowl\\\/#primaryimage\"},\"thumbnailUrl\":\"https:\\\/\\\/www.sysy-glass.com\\\/wp-content\\\/uploads\\\/2021\\\/05\\\/3_uj.jpg\",\"datePublished\":\"2021-05-06T16:37:52+00:00\",\"dateModified\":\"2021-11-02T11:51:05+00:00\",\"breadcrumb\":{\"@id\":\"https:\\\/\\\/www.sysy-glass.com\\\/de\\\/termek\\\/colours-of-the-sea-decorative-glass-bowl\\\/#breadcrumb\"},\"inLanguage\":\"de-DE\",\"potentialAction\":[{\"@type\":\"ReadAction\",\"target\":[\"https:\\\/\\\/www.sysy-glass.com\\\/de\\\/termek\\\/colours-of-the-sea-decorative-glass-bowl\\\/\"]}]},{\"@type\":\"ImageObject\",\"inLanguage\":\"de-DE\",\"@id\":\"https:\\\/\\\/www.sysy-glass.com\\\/de\\\/termek\\\/colours-of-the-sea-decorative-glass-bowl\\\/#primaryimage\",\"url\":\"https:\\\/\\\/www.sysy-glass.com\\\/wp-content\\\/uploads\\\/2021\\\/05\\\/3_uj.jpg\",\"contentUrl\":\"https:\\\/\\\/www.sysy-glass.com\\\/wp-content\\\/uploads\\\/2021\\\/05\\\/3_uj.jpg\",\"width\":2466,\"height\":2214},{\"@type\":\"BreadcrumbList\",\"@id\":\"https:\\\/\\\/www.sysy-glass.com\\\/de\\\/termek\\\/colours-of-the-sea-decorative-glass-bowl\\\/#breadcrumb\",\"itemListElement\":[{\"@type\":\"ListItem\",\"position\":1,\"name\":\"Kezd\u0151lap\",\"item\":\"https:\\\/\\\/www.sysy-glass.com\\\/de\\\/\"},{\"@type\":\"ListItem\",\"position\":2,\"name\":\"Term\u00e9kek\",\"item\":\"https:\\\/\\\/www.sysy-glass.com\\\/de\\\/\"},{\"@type\":\"ListItem\",\"position\":3,\"name\":\"Tenger dekor\u00e1ci\u00f3s \u00fcvegt\u00e1l\"}]},{\"@type\":\"WebSite\",\"@id\":\"https:\\\/\\\/www.sysy-glass.com\\\/de\\\/#website\",\"url\":\"https:\\\/\\\/www.sysy-glass.com\\\/de\\\/\",\"name\":\"Sysy-Glass\",\"description\":\"K\u00e9zm\u0171ves \u00fcvegt\u00e1rgyak otthoni dekor\u00e1ci\u00f3hoz vagy aj\u00e1nd\u00e9kba.\",\"publisher\":{\"@id\":\"https:\\\/\\\/www.sysy-glass.com\\\/de\\\/#organization\"},\"potentialAction\":[{\"@type\":\"SearchAction\",\"target\":{\"@type\":\"EntryPoint\",\"urlTemplate\":\"https:\\\/\\\/www.sysy-glass.com\\\/de\\\/?s={search_term_string}\"},\"query-input\":{\"@type\":\"PropertyValueSpecification\",\"valueRequired\":true,\"valueName\":\"search_term_string\"}}],\"inLanguage\":\"de-DE\"},{\"@type\":\"Organization\",\"@id\":\"https:\\\/\\\/www.sysy-glass.com\\\/de\\\/#organization\",\"name\":\"Sysy-Glass\",\"url\":\"https:\\\/\\\/www.sysy-glass.com\\\/de\\\/\",\"logo\":{\"@type\":\"ImageObject\",\"inLanguage\":\"de-DE\",\"@id\":\"https:\\\/\\\/www.sysy-glass.com\\\/de\\\/#\\\/schema\\\/logo\\\/image\\\/\",\"url\":\"https:\\\/\\\/www.sysy-glass.com\\\/wp-content\\\/uploads\\\/2021\\\/07\\\/cropped-SysyGlass-Logo-newest.jpg\",\"contentUrl\":\"https:\\\/\\\/www.sysy-glass.com\\\/wp-content\\\/uploads\\\/2021\\\/07\\\/cropped-SysyGlass-Logo-newest.jpg\",\"width\":862,\"height\":862,\"caption\":\"Sysy-Glass\"},\"image\":{\"@id\":\"https:\\\/\\\/www.sysy-glass.com\\\/de\\\/#\\\/schema\\\/logo\\\/image\\\/\"}}]}<\/script>\n<!-- \/ Yoast SEO plugin. -->","yoast_head_json":{"title":"Tenger dekor\u00e1ci\u00f3s \u00fcvegt\u00e1l - Sysy-Glass","robots":{"index":"index","follow":"follow","max-snippet":"max-snippet:-1","max-image-preview":"max-image-preview:large","max-video-preview":"max-video-preview:-1"},"canonical":"https:\/\/www.sysy-glass.com\/de\/termek\/colours-of-the-sea-decorative-glass-bowl\/","og_locale":"de_DE","og_type":"article","og_title":"[:hu]Tenger dekor\u00e1ci\u00f3s \u00fcvegt\u00e1l[:en]Colours of the sea decorative glass bowl[:] - Sysy-Glass","og_description":"[:hu]Hogyan k\u00e9sz\u00fcltem? Tervezett minta alapj\u00e1n lettek darabjaim kiv\u00e1gva sz\u00fcrke, t\u00fcrkiz, alpine k\u00e9k, k\u00f6z\u00e9p k\u00e9k, mariner k\u00e9k op\u00e1l \u00fcvegekb\u0151l. Egy sz\u00fcrke \u00fcveglapon ker\u00fcltem \u00f6ssze\u00e1ll\u00edt\u00e1sra, majd \u00f3vatosan betettek az elektromos olvaszt\u00f3kemenc\u00e9be, ahol 700-800\u00b0C fokon \u00f6sszeolvadtam. Lass\u00fa leh\u0171l\u00e9s ut\u00e1n m\u00e1r \u00f6sszeolvadtan, de m\u00e9g s\u00edk \u00fcvegk\u00e9nt egy speci\u00e1lis form\u00e1ra lettem t\u00e9ve \u00e9s \u00fajb\u00f3l fel lettem hev\u00edtve. A h\u0151 hat\u00e1s\u00e1ra belerogytam a form\u00e1ba \u00e9s felvettem a k\u00e9peken l\u00e1that\u00f3 v\u00e9gleges alakomat. B\u00edzom benne, hogy elnyerem a tetsz\u00e9sedet, \u00e9s hamarosan m\u00e1r a TE lak\u00e1sodat, irod\u00e1dat d\u00edsz\u00edthetem. Ha esetleg aj\u00e1nd\u00e9kba sz\u00e1nn\u00e1l, rokonaid, ismer\u0151seid is biztosan \u00f6r\u00fcln\u00e9nek nekem.  A Tenger t\u00e1l vagyok, 100%-ban k\u00e9zzel k\u00e9sz\u00edtett dekorat\u00edv \u00fcvegt\u00e1l.  Szeretettel k\u00e9sz\u00fcltem&nbsp; \u2764\ufe0f[:en]How was I made? Based on the designed pattern, I was assembled with pieces of opalescent grey, turquoise, alpine blue, medium blue and mariner blue. I was assembled on an opalescent dark grey glass sheet, then I was put into the kiln and was fused at 700-850\u00b0C. After a slow cooling \u2013 already fused, but still as a flat glass \u2013 I was placed on a special mould and reheated. The heat caused me to sink into the mould and take my final shape as shown in the pictures.  I hope I will win your liking and I will be decorating YOUR home or office soon. If you would like to give me as a present, your relatives and friends would be happy for me.  I am the Colours of the sea&nbsp;bowl, a 100% handmade decorative glass bowl.  Made with love&nbsp;\u2764\ufe0f[:]","og_url":"https:\/\/www.sysy-glass.com\/de\/termek\/colours-of-the-sea-decorative-glass-bowl\/","og_site_name":"Sysy-Glass","article_modified_time":"2021-11-02T11:51:05+00:00","og_image":[{"width":2466,"height":2214,"url":"https:\/\/www.sysy-glass.com\/wp-content\/uploads\/2021\/05\/3_uj.jpg","type":"image\/jpeg"}],"twitter_card":"summary_large_image","twitter_misc":{"Gesch\u00e4tzte Lesezeit":"1\u00a0Minute"},"schema":{"@context":"https:\/\/schema.org","@graph":[{"@type":"WebPage","@id":"https:\/\/www.sysy-glass.com\/de\/termek\/colours-of-the-sea-decorative-glass-bowl\/","url":"https:\/\/www.sysy-glass.com\/de\/termek\/colours-of-the-sea-decorative-glass-bowl\/","name":"[:hu]Tenger dekor\u00e1ci\u00f3s \u00fcvegt\u00e1l[:en]Colours of the sea decorative glass bowl[:] - Sysy-Glass","isPartOf":{"@id":"https:\/\/www.sysy-glass.com\/de\/#website"},"primaryImageOfPage":{"@id":"https:\/\/www.sysy-glass.com\/de\/termek\/colours-of-the-sea-decorative-glass-bowl\/#primaryimage"},"image":{"@id":"https:\/\/www.sysy-glass.com\/de\/termek\/colours-of-the-sea-decorative-glass-bowl\/#primaryimage"},"thumbnailUrl":"https:\/\/www.sysy-glass.com\/wp-content\/uploads\/2021\/05\/3_uj.jpg","datePublished":"2021-05-06T16:37:52+00:00","dateModified":"2021-11-02T11:51:05+00:00","breadcrumb":{"@id":"https:\/\/www.sysy-glass.com\/de\/termek\/colours-of-the-sea-decorative-glass-bowl\/#breadcrumb"},"inLanguage":"de-DE","potentialAction":[{"@type":"ReadAction","target":["https:\/\/www.sysy-glass.com\/de\/termek\/colours-of-the-sea-decorative-glass-bowl\/"]}]},{"@type":"ImageObject","inLanguage":"de-DE","@id":"https:\/\/www.sysy-glass.com\/de\/termek\/colours-of-the-sea-decorative-glass-bowl\/#primaryimage","url":"https:\/\/www.sysy-glass.com\/wp-content\/uploads\/2021\/05\/3_uj.jpg","contentUrl":"https:\/\/www.sysy-glass.com\/wp-content\/uploads\/2021\/05\/3_uj.jpg","width":2466,"height":2214},{"@type":"BreadcrumbList","@id":"https:\/\/www.sysy-glass.com\/de\/termek\/colours-of-the-sea-decorative-glass-bowl\/#breadcrumb","itemListElement":[{"@type":"ListItem","position":1,"name":"Kezd\u0151lap","item":"https:\/\/www.sysy-glass.com\/de\/"},{"@type":"ListItem","position":2,"name":"Term\u00e9kek","item":"https:\/\/www.sysy-glass.com\/de\/"},{"@type":"ListItem","position":3,"name":"Tenger dekor\u00e1ci\u00f3s \u00fcvegt\u00e1l"}]},{"@type":"WebSite","@id":"https:\/\/www.sysy-glass.com\/de\/#website","url":"https:\/\/www.sysy-glass.com\/de\/","name":"Sysy-Glass","description":"K\u00e9zm\u0171ves \u00fcvegt\u00e1rgyak otthoni dekor\u00e1ci\u00f3hoz vagy aj\u00e1nd\u00e9kba.","publisher":{"@id":"https:\/\/www.sysy-glass.com\/de\/#organization"},"potentialAction":[{"@type":"SearchAction","target":{"@type":"EntryPoint","urlTemplate":"https:\/\/www.sysy-glass.com\/de\/?s={search_term_string}"},"query-input":{"@type":"PropertyValueSpecification","valueRequired":true,"valueName":"search_term_string"}}],"inLanguage":"de-DE"},{"@type":"Organization","@id":"https:\/\/www.sysy-glass.com\/de\/#organization","name":"Sysy-Glass","url":"https:\/\/www.sysy-glass.com\/de\/","logo":{"@type":"ImageObject","inLanguage":"de-DE","@id":"https:\/\/www.sysy-glass.com\/de\/#\/schema\/logo\/image\/","url":"https:\/\/www.sysy-glass.com\/wp-content\/uploads\/2021\/07\/cropped-SysyGlass-Logo-newest.jpg","contentUrl":"https:\/\/www.sysy-glass.com\/wp-content\/uploads\/2021\/07\/cropped-SysyGlass-Logo-newest.jpg","width":862,"height":862,"caption":"Sysy-Glass"},"image":{"@id":"https:\/\/www.sysy-glass.com\/de\/#\/schema\/logo\/image\/"}}]}},"_links":{"self":[{"href":"https:\/\/www.sysy-glass.com\/de\/wp-json\/wp\/v2\/product\/410","targetHints":{"allow":["GET"]}}],"collection":[{"href":"https:\/\/www.sysy-glass.com\/de\/wp-json\/wp\/v2\/product"}],"about":[{"href":"https:\/\/www.sysy-glass.com\/de\/wp-json\/wp\/v2\/types\/product"}],"replies":[{"embeddable":true,"href":"https:\/\/www.sysy-glass.com\/de\/wp-json\/wp\/v2\/comments?post=410"}],"wp:featuredmedia":[{"embeddable":true,"href":"https:\/\/www.sysy-glass.com\/de\/wp-json\/wp\/v2\/media\/411"}],"wp:attachment":[{"href":"https:\/\/www.sysy-glass.com\/de\/wp-json\/wp\/v2\/media?parent=410"}],"wp:term":[{"taxonomy":"product_brand","embeddable":true,"href":"https:\/\/www.sysy-glass.com\/de\/wp-json\/wp\/v2\/product_brand?post=410"},{"taxonomy":"product_cat","embeddable":true,"href":"https:\/\/www.sysy-glass.com\/de\/wp-json\/wp\/v2\/product_cat?post=410"},{"taxonomy":"product_tag","embeddable":true,"href":"https:\/\/www.sysy-glass.com\/de\/wp-json\/wp\/v2\/product_tag?post=410"}],"curies":[{"name":"wp","href":"https:\/\/api.w.org\/{rel}","templated":true}]}}